{"id":183,"date":"2021-02-11T19:04:07","date_gmt":"2021-02-11T18:04:07","guid":{"rendered":"http:\/\/krojal.hr\/?page_id=183"},"modified":"2021-02-11T22:31:17","modified_gmt":"2021-02-11T21:31:17","slug":"referentna-lista","status":"publish","type":"page","link":"https:\/\/krojal.hr\/index.php\/referentna-lista\/","title":{"rendered":"Referentna lista"},"content":{"rendered":"\n<p><a href=\"http:\/\/www.dren.hr\" data-type=\"URL\" target=\"_blank\" rel=\"noreferrer noopener\">DREN d.o.o<\/a><a href=\"http:\/\/www.dren.hr\" data-type=\"URL\" data-id=\"www.dren.hr\" target=\"_blank\" rel=\"noreferrer noopener\">.<\/a> Oto\u010dac &#8211; trgovina gra\u0111evinskog materijala<\/p>\n\n\n\n<p><a href=\"http:\/\/www.marincel.hr\" data-type=\"URL\" data-id=\"www.marincel.hr\" target=\"_blank\" rel=\"noreferrer noopener\">MARINCEL d.o.o.<\/a><a href=\"http:\/\/www.marincel.hr\" data-type=\"URL\" data-id=\"www.marincel.hr\"> <\/a>Oto\u010dac &#8211; kameno klesarske usluge, pogrebno poduze\u0107e te cvje\u0107arne J&amp;L<\/p>\n\n\n\n<p>NIK\u0160I\u0106 d.o.o. Oto\u010dac &#8211; trgovina elektro-materijala, bijele tehnike i pe\u0107i na centralno grijanje <\/p>\n\n\n\n<p>\u0106ARLI d.o.o. Oto\u010dac &#8211; cestovni prijevoz robe<\/p>\n\n\n\n<p><a href=\"https:\/\/www.facebook.com\/ff.cvrcak.otocac\" data-type=\"URL\" data-id=\"https:\/\/www.facebook.com\/ff.cvrcak.otocac\" target=\"_blank\" rel=\"noreferrer noopener\">M.D-OTO\u010cAC j.d.o.o.<\/a> Oto\u010dac &#8211; caffe bar &amp; fast food Cvr\u010dak<\/p>\n\n\n\n<p>SEMO GRADNJA j.d.o.o. Oto\u010dac &#8211; gra\u0111evinski radovi<\/p>\n\n\n\n<p>MB-TRANS d.o.o. Oto\u010dac &#8211; iskopi, cestovni prijevoz, zimska slu\u017eba, vulkanizer<\/p>\n\n\n\n<p>DRVO KOSTELAC j.d.o.o. Oto\u010dac &#8211; sje\u010da i vu\u010da drvnih sortimenata<\/p>\n\n\n\n<p>RA\u0160LI\u0106 d.o.o. Oto\u010dac- sje\u010da i vu\u010da drvnih sortimenata<\/p>\n\n\n\n<p> JN INTERIJERI j.d.o.o. Oto\u010dac &#8211; knauferski i ostali zavr\u0161ni radovi u gra\u0111evini<\/p>\n\n\n\n<p>VOTI\u0106 &#8211; COMMERCE j.d.o.o. Oto\u010dac &#8211; caffe bar &#8220;Kolodvor&#8221;<\/p>\n\n\n\n<p><a href=\"https:\/\/www.facebook.com\/babaloobarotocac\" data-type=\"URL\" data-id=\"https:\/\/www.facebook.com\/babaloobarotocac\" target=\"_blank\" rel=\"noreferrer noopener\">BABALOO j.d.o.o.<\/a> Oto\u010dac &#8211; no\u0107ni bar &#8220;Babaloo&#8221;<\/p>\n\n\n\n<p>M.\u017d.O. d.o.o. Oto\u010dac &#8211; cestovni prijevoz robe<\/p>\n\n\n\n<p>DOM-MAT j.d.o.o. \u010cavle &#8211; posredovanje u trgova\u010dkom zastupanju<\/p>\n\n\n\n<p>DAN-IV j.d.o.o. Bakarac &#8211; posredovanje u trgova\u010dkom zastupanju<\/p>\n\n\n\n<p><a href=\"https:\/\/www.oceanteamrijeka.com\/\" data-type=\"URL\" data-id=\"https:\/\/www.oceanteamrijeka.com\/\" target=\"_blank\" rel=\"noreferrer noopener\">OCEAN TEAM RIJEKA j.d.o.o. Rijeka &#8211; u<\/a>sluge u pomorskom prijevozu<\/p>\n\n\n\n<p>ORDINACIJA DENTALNE MEDICINE Dr. Ivan Sesar Gospi\u0107<\/p>\n\n\n\n<p>EMS obrt za grijanje i klimatizaciju Oto\u010dac<\/p>\n\n\n\n<p>BOGDANI\u0106 obrt za soboslikarske i li\u010dilarske radove Oto\u010dac<\/p>\n\n\n\n<p>BARBARA obrt za izradu proizvoda od drveta Oto\u010dac<\/p>\n\n\n\n<p>VESELIN obrt za elektroinstalacije Oto\u010dac<\/p>\n\n\n\n<p>MAJSTOR obrt za elektro instalaterske i gra\u0111evinske usluge Oto\u010dac<\/p>\n","protected":false},"excerpt":{"rendered":"<p>DREN d.o.o. Oto\u010dac &#8211; trgovina gra\u0111evinskog materijala MARINCEL d.o.o. Oto\u010dac &#8211; kameno klesarske usluge, pogrebno poduze\u0107e te cvje\u0107arne J&amp;L NIK\u0160I\u0106 d.o.o. Oto\u010dac &#8211; trgovina elektro-materijala, bijele tehnike i pe\u0107i na centralno grijanje \u0106ARLI d.o.o. Oto\u010dac &#8211; cestovni prijevoz robe M.D-OTO\u010cAC j.d.o.o. Oto\u010dac &#8211; caffe bar &amp; fast food Cvr\u010dak SEMO GRADNJA j.d.o.o. Oto\u010dac &#8211; gra\u0111evinski &hellip; <\/p>\n<p class=\"link-more\"><a href=\"https:\/\/krojal.hr\/index.php\/referentna-lista\/\" class=\"more-link\">Nastavi \u010ditati<span class=\"screen-reader-text\"> &#8220;Referentna lista&#8221;<\/span><\/a><\/p>\n","protected":false},"author":1,"featured_media":0,"parent":0,"menu_order":0,"comment_status":"closed","ping_status":"closed","template":"","meta":[],"_links":{"self":[{"href":"https:\/\/krojal.hr\/index.php\/wp-json\/wp\/v2\/pages\/183"}],"collection":[{"href":"https:\/\/krojal.hr\/index.php\/wp-json\/wp\/v2\/pages"}],"about":[{"href":"https:\/\/krojal.hr\/index.php\/wp-json\/wp\/v2\/types\/page"}],"author":[{"embeddable":true,"href":"https:\/\/krojal.hr\/index.php\/wp-json\/wp\/v2\/users\/1"}],"replies":[{"embeddable":true,"href":"https:\/\/krojal.hr\/index.php\/wp-json\/wp\/v2\/comments?post=183"}],"version-history":[{"count":3,"href":"https:\/\/krojal.hr\/index.php\/wp-json\/wp\/v2\/pages\/183\/revisions"}],"predecessor-version":[{"id":211,"href":"https:\/\/krojal.hr\/index.php\/wp-json\/wp\/v2\/pages\/183\/revisions\/211"}],"wp:attachment":[{"href":"https:\/\/krojal.hr\/index.php\/wp-json\/wp\/v2\/media?parent=183"}],"curies":[{"name":"wp","href":"https:\/\/api.w.org\/{rel}","templated":true}]}}