{"id":189,"date":"2021-02-11T19:07:52","date_gmt":"2021-02-11T18:07:52","guid":{"rendered":"http:\/\/krojal.hr\/?page_id=189"},"modified":"2021-02-15T13:41:45","modified_gmt":"2021-02-15T12:41:45","slug":"o-nama","status":"publish","type":"page","link":"https:\/\/krojal.hr\/index.php\/o-nama\/","title":{"rendered":"O nama"},"content":{"rendered":"\n<p id=\"block-df11899a-d7f6-4c35-9b62-5aaa3f3ad8f4\"><br>Ovim putem \u017eelimo vas pribli\u017eiti na\u0161em poslovanju i uslugama. Cilj tvrtke KROJAL d.o.o. Oto\u010dac je da posluje i da se razvija na tr\u017ei\u0161tu uz po\u0161tivanje propisa Republike Hrvatske kao i da svojim znanjem, iskustvom i uslugama pomogne poduzetnicima, obrtnicima i slobodnim zanimanjima ili onima koji to tek planiraju postati. Tvrtka posluje u svojem stambeno poslovnom prostoru pa su mogu\u0107i kontakti svim danima. Brigom za svakog na\u0161eg klijenta stvaramo trajno partnerstvo, pro\u017eeto uzajamnim povjerenjem. Slobodno nas kontaktirajte.<\/p>\n\n\n\n<p id=\"block-68a3f213-4ab3-4667-9fee-9b3f891aa866\">Tvrtka KROJAL dru\u0161tvo s ograni\u010denom odgovorno\u0161\u0107u, za proizvodnju, trgovinu i usluge, osnovana je 19. listopada 1992. godine. Tvrtka posluje na podru\u010dju Li\u010dko senjske i Primorsko goranske \u017eupanije. Tvrtka je upisana u Trgova\u010dki sud u Rijeci pod MBS: 020018498. Od osnutka pa do dana\u0161njih dana tvrtka uredno posluje izvr\u0161avaju\u0107i sve svoje obveze. Temeljni kapital tvrtke je 122.100,00 kn koji je upla\u0107en u cijelosti. Jedini \u010dlan dru\u0161tva i odgovorna osoba je Leonardo Porobi\u0107.<\/p>\n","protected":false},"excerpt":{"rendered":"<p>Ovim putem \u017eelimo vas pribli\u017eiti na\u0161em poslovanju i uslugama. Cilj tvrtke KROJAL d.o.o. Oto\u010dac je da posluje i da se razvija na tr\u017ei\u0161tu uz po\u0161tivanje propisa Republike Hrvatske kao i da svojim znanjem, iskustvom i uslugama pomogne poduzetnicima, obrtnicima i slobodnim zanimanjima ili onima koji to tek planiraju postati. Tvrtka posluje u svojem stambeno poslovnom &hellip; <\/p>\n<p class=\"link-more\"><a href=\"https:\/\/krojal.hr\/index.php\/o-nama\/\" class=\"more-link\">Nastavi \u010ditati<span class=\"screen-reader-text\"> &#8220;O nama&#8221;<\/span><\/a><\/p>\n","protected":false},"author":1,"featured_media":0,"parent":0,"menu_order":0,"comment_status":"closed","ping_status":"closed","template":"","meta":[],"_links":{"self":[{"href":"https:\/\/krojal.hr\/index.php\/wp-json\/wp\/v2\/pages\/189"}],"collection":[{"href":"https:\/\/krojal.hr\/index.php\/wp-json\/wp\/v2\/pages"}],"about":[{"href":"https:\/\/krojal.hr\/index.php\/wp-json\/wp\/v2\/types\/page"}],"author":[{"embeddable":true,"href":"https:\/\/krojal.hr\/index.php\/wp-json\/wp\/v2\/users\/1"}],"replies":[{"embeddable":true,"href":"https:\/\/krojal.hr\/index.php\/wp-json\/wp\/v2\/comments?post=189"}],"version-history":[{"count":3,"href":"https:\/\/krojal.hr\/index.php\/wp-json\/wp\/v2\/pages\/189\/revisions"}],"predecessor-version":[{"id":210,"href":"https:\/\/krojal.hr\/index.php\/wp-json\/wp\/v2\/pages\/189\/revisions\/210"}],"wp:attachment":[{"href":"https:\/\/krojal.hr\/index.php\/wp-json\/wp\/v2\/media?parent=189"}],"curies":[{"name":"wp","href":"https:\/\/api.w.org\/{rel}","templated":true}]}}