{"id":43,"date":"2021-02-10T18:49:51","date_gmt":"2021-02-10T18:49:51","guid":{"rendered":"http:\/\/krojal.hr\/?page_id=43"},"modified":"2021-02-11T19:26:09","modified_gmt":"2021-02-11T18:26:09","slug":"usluge","status":"publish","type":"page","link":"https:\/\/krojal.hr\/index.php\/usluge\/","title":{"rendered":"Usluge"},"content":{"rendered":"\n<p>Obra\u010dun pla\u0107a te predaja i a\u017eurnost jedinstvenog obrasca prijave poreza na dohodak.<\/p>\n\n\n\n<p>Knji\u017eenje izlaznih ra\u010duna, ulaznih ra\u010duna, izvoda, blagajne i druge knjigovodstvene dokumentacije te sastavljanje i predaja obrazaca prijave poreza na dohodak, obrazac ulaznih ra\u010duna, prijenos porezne obveze&#8230;<\/p>\n\n\n\n<p>Izrada godi\u0161njeg financijskog izvje\u0161taja poduzetnika te predaja u svrhu javne objave\/ statistike. Izrada obrasca prijave poreza na dobit, obra\u010dun amortizacije, turisti\u010dke zajednice&#8230;<\/p>\n\n\n\n<p>Izrada poslovnih planova.<\/p>\n\n\n\n<p>Prijave\/odjave radnika, sastavljanje ugovora o radu, evidencija radnog vremena, izrada putnih naloga.<\/p>\n\n\n\n<p>KPI, prijava poreza na dohodak za obrtnike te PO-SD za pau\u0161aliste.<\/p>\n\n\n\n<p>Izrada va\u0161ih izlaznih ra\u010duna, ponuda\/tro\u0161kovnika, ugovora i sl.<\/p>\n\n\n\n<p>Ostali knjigovodstveni poslovi poslovi prema dogovoru.<\/p>\n","protected":false},"excerpt":{"rendered":"<p>Obra\u010dun pla\u0107a te predaja i a\u017eurnost jedinstvenog obrasca prijave poreza na dohodak. Knji\u017eenje izlaznih ra\u010duna, ulaznih ra\u010duna, izvoda, blagajne i druge knjigovodstvene dokumentacije te sastavljanje i predaja obrazaca prijave poreza na dohodak, obrazac ulaznih ra\u010duna, prijenos porezne obveze&#8230; Izrada godi\u0161njeg financijskog izvje\u0161taja poduzetnika te predaja u svrhu javne objave\/ statistike. Izrada obrasca prijave poreza na &hellip; <\/p>\n<p class=\"link-more\"><a href=\"https:\/\/krojal.hr\/index.php\/usluge\/\" class=\"more-link\">Nastavi \u010ditati<span class=\"screen-reader-text\"> &#8220;Usluge&#8221;<\/span><\/a><\/p>\n","protected":false},"author":1,"featured_media":0,"parent":0,"menu_order":0,"comment_status":"closed","ping_status":"closed","template":"","meta":[],"_links":{"self":[{"href":"https:\/\/krojal.hr\/index.php\/wp-json\/wp\/v2\/pages\/43"}],"collection":[{"href":"https:\/\/krojal.hr\/index.php\/wp-json\/wp\/v2\/pages"}],"about":[{"href":"https:\/\/krojal.hr\/index.php\/wp-json\/wp\/v2\/types\/page"}],"author":[{"embeddable":true,"href":"https:\/\/krojal.hr\/index.php\/wp-json\/wp\/v2\/users\/1"}],"replies":[{"embeddable":true,"href":"https:\/\/krojal.hr\/index.php\/wp-json\/wp\/v2\/comments?post=43"}],"version-history":[{"count":11,"href":"https:\/\/krojal.hr\/index.php\/wp-json\/wp\/v2\/pages\/43\/revisions"}],"predecessor-version":[{"id":197,"href":"https:\/\/krojal.hr\/index.php\/wp-json\/wp\/v2\/pages\/43\/revisions\/197"}],"wp:attachment":[{"href":"https:\/\/krojal.hr\/index.php\/wp-json\/wp\/v2\/media?parent=43"}],"curies":[{"name":"wp","href":"https:\/\/api.w.org\/{rel}","templated":true}]}}